{"id":61,"date":"2020-01-23T18:21:52","date_gmt":"2020-01-23T18:21:52","guid":{"rendered":"https:\/\/demosites.io\/web-agency-gb\/?page_id=61"},"modified":"2025-11-25T21:59:50","modified_gmt":"2025-11-25T20:59:50","slug":"15c42-web-agency-gb-about-us","status":"publish","type":"page","link":"https:\/\/deer-projekt.de\/?page_id=61","title":{"rendered":"Konsortium"},"content":{"rendered":"\t\t<div data-elementor-type=\"wp-page\" data-elementor-id=\"61\" class=\"elementor elementor-61\" data-elementor-post-type=\"page\">\n\t\t\t\t\t\t<section class=\"elementor-section elementor-top-section elementor-element elementor-element-2f1d67fd elementor-section-full_width elementor-section-stretched elementor-section-height-default elementor-section-height-default\" data-id=\"2f1d67fd\" data-element_type=\"section\" data-e-type=\"section\" data-settings=\"{&quot;stretch_section&quot;:&quot;section-stretched&quot;,&quot;background_background&quot;:&quot;classic&quot;,&quot;background_motion_fx_motion_fx_scrolling&quot;:&quot;yes&quot;,&quot;background_motion_fx_scale_effect&quot;:&quot;yes&quot;,&quot;background_motion_fx_scale_speed&quot;:{&quot;unit&quot;:&quot;px&quot;,&quot;size&quot;:1,&quot;sizes&quot;:[]},&quot;background_motion_fx_scale_range&quot;:{&quot;unit&quot;:&quot;%&quot;,&quot;size&quot;:&quot;&quot;,&quot;sizes&quot;:{&quot;start&quot;:0,&quot;end&quot;:100}},&quot;motion_fx_motion_fx_scrolling&quot;:&quot;yes&quot;,&quot;background_motion_fx_scale_direction&quot;:&quot;out-in&quot;,&quot;background_motion_fx_devices&quot;:[&quot;desktop&quot;,&quot;tablet&quot;,&quot;mobile&quot;],&quot;motion_fx_devices&quot;:[&quot;desktop&quot;,&quot;tablet&quot;,&quot;mobile&quot;]}\">\n\t\t\t\t\t\t\t<div class=\"elementor-background-overlay\"><\/div>\n\t\t\t\t\t\t\t<div class=\"elementor-container elementor-column-gap-default\">\n\t\t\t\t\t<div class=\"elementor-column elementor-col-100 elementor-top-column elementor-element elementor-element-3ac17453\" data-id=\"3ac17453\" data-element_type=\"column\" data-e-type=\"column\">\n\t\t\t<div class=\"elementor-widget-wrap elementor-element-populated\">\n\t\t\t\t\t\t<div class=\"elementor-element elementor-element-8d4b3a5 elementor-widget__width-initial elementor-widget-mobile__width-initial elementor-widget elementor-widget-heading\" data-id=\"8d4b3a5\" data-element_type=\"widget\" data-e-type=\"widget\" data-widget_type=\"heading.default\">\n\t\t\t\t<div class=\"elementor-widget-container\">\n\t\t\t\t\t<h2 class=\"elementor-heading-title elementor-size-default\">Das DEER Konsortium<\/h2>\t\t\t\t<\/div>\n\t\t\t\t<\/div>\n\t\t\t\t\t<\/div>\n\t\t<\/div>\n\t\t\t\t\t<\/div>\n\t\t<\/section>\n\t\t\t\t<section class=\"elementor-section elementor-top-section elementor-element elementor-element-4cb87c2 elementor-section-boxed elementor-section-height-default elementor-section-height-default\" data-id=\"4cb87c2\" data-element_type=\"section\" data-e-type=\"section\">\n\t\t\t\t\t\t<div class=\"elementor-container elementor-column-gap-default\">\n\t\t\t\t\t<div class=\"elementor-column elementor-col-100 elementor-top-column elementor-element elementor-element-0b1a1d7\" data-id=\"0b1a1d7\" data-element_type=\"column\" data-e-type=\"column\">\n\t\t\t<div class=\"elementor-widget-wrap elementor-element-populated\">\n\t\t\t\t\t\t<div class=\"elementor-element elementor-element-ce420b7 elementor-widget elementor-widget-spacer\" data-id=\"ce420b7\" data-element_type=\"widget\" data-e-type=\"widget\" data-widget_type=\"spacer.default\">\n\t\t\t\t<div class=\"elementor-widget-container\">\n\t\t\t\t\t\t\t<div class=\"elementor-spacer\">\n\t\t\t<div class=\"elementor-spacer-inner\"><\/div>\n\t\t<\/div>\n\t\t\t\t\t\t<\/div>\n\t\t\t\t<\/div>\n\t\t\t\t\t<\/div>\n\t\t<\/div>\n\t\t\t\t\t<\/div>\n\t\t<\/section>\n\t\t\t\t<section class=\"elementor-section elementor-top-section elementor-element elementor-element-062d2de elementor-section-stretched elementor-section-boxed elementor-section-height-default elementor-section-height-default\" data-id=\"062d2de\" data-element_type=\"section\" data-e-type=\"section\" data-settings=\"{&quot;stretch_section&quot;:&quot;section-stretched&quot;}\">\n\t\t\t\t\t\t<div class=\"elementor-container elementor-column-gap-default\">\n\t\t\t\t\t<div class=\"elementor-column elementor-col-100 elementor-top-column elementor-element elementor-element-b1f3f2f\" data-id=\"b1f3f2f\" data-element_type=\"column\" data-e-type=\"column\">\n\t\t\t<div class=\"elementor-widget-wrap elementor-element-populated\">\n\t\t\t\t\t\t<div class=\"elementor-element elementor-element-a7712f1 elementor-widget-mobile__width-inherit elementor-widget elementor-widget-text-editor\" data-id=\"a7712f1\" data-element_type=\"widget\" data-e-type=\"widget\" data-widget_type=\"text-editor.default\">\n\t\t\t\t<div class=\"elementor-widget-container\">\n\t\t\t\t\t\t\t\t\t<p>Der Projekterfolg von DEER erfordert die Zusammenarbeit von unterschiedlichen Bereichen. So ist zum einen die Expertise aus dem Energiemarkt und insbesondere zu den Themen Redispatch, Anschluss flexibler Kleinstanlagen und Netzbetrieb erforderlich. Zum anderen ben\u00f6tigt das Projekt Expert*innenwissen zu Blockchain, Identit\u00e4tsmanagement und dezentraler Optimierung. Daher ist das Konsortium interdisziplin\u00e4r aufgebaut und setzt sich aus den f\u00fchrenden Forschungsinstituten Fraunhofer FIT und OFFIS, den innovativen Unternehmen be.storaged und OLI Systems, dem \u00dcbertragungsnetzbetreiber TenneT, der Deutschen Kommission Elektrotechnik (DKE) und dem \u00f6sterreichischen Forecastingunternehmen UBIMET zusammen, welche somit ein breites Themenspektrum sicherstellen.<\/p>\t\t\t\t\t\t\t\t<\/div>\n\t\t\t\t<\/div>\n\t\t\t\t\t<\/div>\n\t\t<\/div>\n\t\t\t\t\t<\/div>\n\t\t<\/section>\n\t\t\t\t<section class=\"elementor-section elementor-top-section elementor-element elementor-element-873d197 elementor-section-boxed elementor-section-height-default elementor-section-height-default\" data-id=\"873d197\" data-element_type=\"section\" data-e-type=\"section\">\n\t\t\t\t\t\t<div class=\"elementor-container elementor-column-gap-default\">\n\t\t\t\t\t<div class=\"elementor-column elementor-col-25 elementor-top-column elementor-element elementor-element-d4bce37 zoomcol\" data-id=\"d4bce37\" data-element_type=\"column\" data-e-type=\"column\">\n\t\t\t<div class=\"elementor-widget-wrap elementor-element-populated\">\n\t\t\t\t\t\t<div class=\"elementor-element elementor-element-7addff2 imgzoom elementor-widget elementor-widget-image\" data-id=\"7addff2\" data-element_type=\"widget\" data-e-type=\"widget\" data-widget_type=\"image.default\">\n\t\t\t\t<div class=\"elementor-widget-container\">\n\t\t\t\t\t\t\t\t\t\t\t\t\t\t\t\t<a href=\"https:\/\/www.wi.fit.fraunhofer.de\/\">\n\t\t\t\t\t\t\t<img fetchpriority=\"high\" decoding=\"async\" width=\"925\" height=\"573\" src=\"https:\/\/deer-projekt.de\/wp-content\/uploads\/2023\/05\/13_fit_cmyk_WI1pf.png\" class=\"attachment-large size-large wp-image-552\" alt=\"\" srcset=\"https:\/\/deer-projekt.de\/wp-content\/uploads\/2023\/05\/13_fit_cmyk_WI1pf.png 925w, https:\/\/deer-projekt.de\/wp-content\/uploads\/2023\/05\/13_fit_cmyk_WI1pf-300x186.png 300w, https:\/\/deer-projekt.de\/wp-content\/uploads\/2023\/05\/13_fit_cmyk_WI1pf-768x476.png 768w\" sizes=\"(max-width: 925px) 100vw, 925px\" \/>\t\t\t\t\t\t\t\t<\/a>\n\t\t\t\t\t\t\t\t\t\t\t\t\t\t\t<\/div>\n\t\t\t\t<\/div>\n\t\t\t\t\t<\/div>\n\t\t<\/div>\n\t\t\t\t<div class=\"elementor-column elementor-col-25 elementor-top-column elementor-element elementor-element-279e5d1 zoomcol\" data-id=\"279e5d1\" data-element_type=\"column\" data-e-type=\"column\">\n\t\t\t<div class=\"elementor-widget-wrap elementor-element-populated\">\n\t\t\t\t\t\t<div class=\"elementor-element elementor-element-3d9e860 imgzoom elementor-widget elementor-widget-image\" data-id=\"3d9e860\" data-element_type=\"widget\" data-e-type=\"widget\" data-widget_type=\"image.default\">\n\t\t\t\t<div class=\"elementor-widget-container\">\n\t\t\t\t\t\t\t\t\t\t\t\t\t\t\t\t<a href=\"https:\/\/www.offis.de\/\">\n\t\t\t\t\t\t\t<img decoding=\"async\" width=\"775\" height=\"532\" src=\"https:\/\/deer-projekt.de\/wp-content\/uploads\/2023\/05\/Offis_deutsche_sub_rgb_cyan.jpg\" class=\"attachment-large size-large wp-image-619\" alt=\"\" srcset=\"https:\/\/deer-projekt.de\/wp-content\/uploads\/2023\/05\/Offis_deutsche_sub_rgb_cyan.jpg 775w, https:\/\/deer-projekt.de\/wp-content\/uploads\/2023\/05\/Offis_deutsche_sub_rgb_cyan-300x206.jpg 300w, https:\/\/deer-projekt.de\/wp-content\/uploads\/2023\/05\/Offis_deutsche_sub_rgb_cyan-768x527.jpg 768w\" sizes=\"(max-width: 775px) 100vw, 775px\" \/>\t\t\t\t\t\t\t\t<\/a>\n\t\t\t\t\t\t\t\t\t\t\t\t\t\t\t<\/div>\n\t\t\t\t<\/div>\n\t\t\t\t\t<\/div>\n\t\t<\/div>\n\t\t\t\t<div class=\"elementor-column elementor-col-25 elementor-top-column elementor-element elementor-element-9c2fe56 zoomcol\" data-id=\"9c2fe56\" data-element_type=\"column\" data-e-type=\"column\">\n\t\t\t<div class=\"elementor-widget-wrap elementor-element-populated\">\n\t\t\t\t\t\t<div class=\"elementor-element elementor-element-94e344f imgzoom elementor-widget elementor-widget-image\" data-id=\"94e344f\" data-element_type=\"widget\" data-e-type=\"widget\" data-widget_type=\"image.default\">\n\t\t\t\t<div class=\"elementor-widget-container\">\n\t\t\t\t\t\t\t\t\t\t\t\t\t\t\t\t<a href=\"https:\/\/be-storaged.de\/\">\n\t\t\t\t\t\t\t<img decoding=\"async\" width=\"1024\" height=\"719\" src=\"https:\/\/deer-projekt.de\/wp-content\/uploads\/2023\/05\/bestoraged_Logo-1024x719.png\" class=\"attachment-large size-large wp-image-574\" alt=\"\" srcset=\"https:\/\/deer-projekt.de\/wp-content\/uploads\/2023\/05\/bestoraged_Logo-1024x719.png 1024w, https:\/\/deer-projekt.de\/wp-content\/uploads\/2023\/05\/bestoraged_Logo-300x211.png 300w, https:\/\/deer-projekt.de\/wp-content\/uploads\/2023\/05\/bestoraged_Logo-768x539.png 768w, https:\/\/deer-projekt.de\/wp-content\/uploads\/2023\/05\/bestoraged_Logo-1536x1078.png 1536w, https:\/\/deer-projekt.de\/wp-content\/uploads\/2023\/05\/bestoraged_Logo-2048x1438.png 2048w\" sizes=\"(max-width: 1024px) 100vw, 1024px\" \/>\t\t\t\t\t\t\t\t<\/a>\n\t\t\t\t\t\t\t\t\t\t\t\t\t\t\t<\/div>\n\t\t\t\t<\/div>\n\t\t\t\t\t<\/div>\n\t\t<\/div>\n\t\t\t\t<div class=\"elementor-column elementor-col-25 elementor-top-column elementor-element elementor-element-b6a3caf zoomcol\" data-id=\"b6a3caf\" data-element_type=\"column\" data-e-type=\"column\">\n\t\t\t<div class=\"elementor-widget-wrap elementor-element-populated\">\n\t\t\t\t\t\t<div class=\"elementor-element elementor-element-e597261 imgzoom elementor-widget elementor-widget-image\" data-id=\"e597261\" data-element_type=\"widget\" data-e-type=\"widget\" data-widget_type=\"image.default\">\n\t\t\t\t<div class=\"elementor-widget-container\">\n\t\t\t\t\t\t\t\t\t\t\t\t\t\t\t\t<a href=\"https:\/\/www.my-oli.com\/\">\n\t\t\t\t\t\t\t<img loading=\"lazy\" decoding=\"async\" width=\"587\" height=\"382\" src=\"https:\/\/deer-projekt.de\/wp-content\/uploads\/2023\/05\/OLI-Logo.png\" class=\"attachment-large size-large wp-image-621\" alt=\"\" srcset=\"https:\/\/deer-projekt.de\/wp-content\/uploads\/2023\/05\/OLI-Logo.png 587w, https:\/\/deer-projekt.de\/wp-content\/uploads\/2023\/05\/OLI-Logo-300x195.png 300w\" sizes=\"(max-width: 587px) 100vw, 587px\" \/>\t\t\t\t\t\t\t\t<\/a>\n\t\t\t\t\t\t\t\t\t\t\t\t\t\t\t<\/div>\n\t\t\t\t<\/div>\n\t\t\t\t\t<\/div>\n\t\t<\/div>\n\t\t\t\t\t<\/div>\n\t\t<\/section>\n\t\t\t\t<section class=\"elementor-section elementor-top-section elementor-element elementor-element-bf7cf2b elementor-section-boxed elementor-section-height-default elementor-section-height-default\" data-id=\"bf7cf2b\" data-element_type=\"section\" data-e-type=\"section\">\n\t\t\t\t\t\t<div class=\"elementor-container elementor-column-gap-default\">\n\t\t\t\t\t<div class=\"elementor-column elementor-col-33 elementor-top-column elementor-element elementor-element-2fff750 zoomcol\" data-id=\"2fff750\" data-element_type=\"column\" data-e-type=\"column\">\n\t\t\t<div class=\"elementor-widget-wrap elementor-element-populated\">\n\t\t\t\t\t\t<div class=\"elementor-element elementor-element-88ba70b imgzoom elementor-widget elementor-widget-image\" data-id=\"88ba70b\" data-element_type=\"widget\" data-e-type=\"widget\" data-widget_type=\"image.default\">\n\t\t\t\t<div class=\"elementor-widget-container\">\n\t\t\t\t\t\t\t\t\t\t\t\t\t\t\t\t<a href=\"https:\/\/www.tennet.eu\/de#&#038;panel1-1v\">\n\t\t\t\t\t\t\t<img loading=\"lazy\" decoding=\"async\" width=\"1000\" height=\"193\" src=\"https:\/\/deer-projekt.de\/wp-content\/uploads\/2023\/06\/TenneT_logo_2020_1000x197.png\" class=\"attachment-full size-full wp-image-698\" alt=\"\" srcset=\"https:\/\/deer-projekt.de\/wp-content\/uploads\/2023\/06\/TenneT_logo_2020_1000x197.png 1000w, https:\/\/deer-projekt.de\/wp-content\/uploads\/2023\/06\/TenneT_logo_2020_1000x197-300x58.png 300w, https:\/\/deer-projekt.de\/wp-content\/uploads\/2023\/06\/TenneT_logo_2020_1000x197-768x148.png 768w\" sizes=\"(max-width: 1000px) 100vw, 1000px\" \/>\t\t\t\t\t\t\t\t<\/a>\n\t\t\t\t\t\t\t\t\t\t\t\t\t\t\t<\/div>\n\t\t\t\t<\/div>\n\t\t\t\t\t<\/div>\n\t\t<\/div>\n\t\t\t\t<div class=\"elementor-column elementor-col-33 elementor-top-column elementor-element elementor-element-9976803 zoomcol\" data-id=\"9976803\" data-element_type=\"column\" data-e-type=\"column\">\n\t\t\t<div class=\"elementor-widget-wrap elementor-element-populated\">\n\t\t\t\t\t\t<div class=\"elementor-element elementor-element-df14cf7 imgzoom elementor-widget elementor-widget-image\" data-id=\"df14cf7\" data-element_type=\"widget\" data-e-type=\"widget\" data-widget_type=\"image.default\">\n\t\t\t\t<div class=\"elementor-widget-container\">\n\t\t\t\t\t\t\t\t\t\t\t\t\t\t\t\t<a href=\"https:\/\/www.dke.de\/de\">\n\t\t\t\t\t\t\t<img loading=\"lazy\" decoding=\"async\" width=\"439\" height=\"99\" src=\"https:\/\/deer-projekt.de\/wp-content\/uploads\/2023\/06\/Logo_DKE_rgb.png\" class=\"attachment-full size-full wp-image-752\" alt=\"\" srcset=\"https:\/\/deer-projekt.de\/wp-content\/uploads\/2023\/06\/Logo_DKE_rgb.png 439w, https:\/\/deer-projekt.de\/wp-content\/uploads\/2023\/06\/Logo_DKE_rgb-300x68.png 300w\" sizes=\"(max-width: 439px) 100vw, 439px\" \/>\t\t\t\t\t\t\t\t<\/a>\n\t\t\t\t\t\t\t\t\t\t\t\t\t\t\t<\/div>\n\t\t\t\t<\/div>\n\t\t\t\t\t<\/div>\n\t\t<\/div>\n\t\t\t\t<div class=\"elementor-column elementor-col-33 elementor-top-column elementor-element elementor-element-b0ba358 zoomcol\" data-id=\"b0ba358\" data-element_type=\"column\" data-e-type=\"column\">\n\t\t\t<div class=\"elementor-widget-wrap elementor-element-populated\">\n\t\t\t\t\t\t<div class=\"elementor-element elementor-element-12f1bce imgzoom elementor-widget elementor-widget-image\" data-id=\"12f1bce\" data-element_type=\"widget\" data-e-type=\"widget\" data-widget_type=\"image.default\">\n\t\t\t\t<div class=\"elementor-widget-container\">\n\t\t\t\t\t\t\t\t\t\t\t\t\t\t\t\t<a href=\"https:\/\/www.ubimet.com\/\">\n\t\t\t\t\t\t\t<img loading=\"lazy\" decoding=\"async\" width=\"733\" height=\"260\" src=\"https:\/\/deer-projekt.de\/wp-content\/uploads\/2023\/05\/UBIMET-Logo.png\" class=\"attachment-full size-full wp-image-630\" alt=\"\" srcset=\"https:\/\/deer-projekt.de\/wp-content\/uploads\/2023\/05\/UBIMET-Logo.png 733w, https:\/\/deer-projekt.de\/wp-content\/uploads\/2023\/05\/UBIMET-Logo-300x106.png 300w\" sizes=\"(max-width: 733px) 100vw, 733px\" \/>\t\t\t\t\t\t\t\t<\/a>\n\t\t\t\t\t\t\t\t\t\t\t\t\t\t\t<\/div>\n\t\t\t\t<\/div>\n\t\t\t\t\t<\/div>\n\t\t<\/div>\n\t\t\t\t\t<\/div>\n\t\t<\/section>\n\t\t\t\t<section class=\"elementor-section elementor-top-section elementor-element elementor-element-fcc0c8c elementor-section-boxed elementor-section-height-default elementor-section-height-default\" data-id=\"fcc0c8c\" data-element_type=\"section\" data-e-type=\"section\">\n\t\t\t\t\t\t<div class=\"elementor-container elementor-column-gap-default\">\n\t\t\t\t\t<div class=\"elementor-column elementor-col-100 elementor-top-column elementor-element elementor-element-6af3da8\" data-id=\"6af3da8\" data-element_type=\"column\" data-e-type=\"column\">\n\t\t\t<div class=\"elementor-widget-wrap elementor-element-populated\">\n\t\t\t\t\t\t<div class=\"elementor-element elementor-element-1539b63 elementor-widget-divider--view-line elementor-widget elementor-widget-divider\" data-id=\"1539b63\" data-element_type=\"widget\" data-e-type=\"widget\" data-widget_type=\"divider.default\">\n\t\t\t\t<div class=\"elementor-widget-container\">\n\t\t\t\t\t\t\t<div class=\"elementor-divider\">\n\t\t\t<span class=\"elementor-divider-separator\">\n\t\t\t\t\t\t<\/span>\n\t\t<\/div>\n\t\t\t\t\t\t<\/div>\n\t\t\t\t<\/div>\n\t\t\t\t\t<\/div>\n\t\t<\/div>\n\t\t\t\t\t<\/div>\n\t\t<\/section>\n\t\t\t\t<section class=\"elementor-section elementor-top-section elementor-element elementor-element-8a6b248 elementor-section-full_width elementor-section-stretched elementor-section-height-default elementor-section-height-default\" data-id=\"8a6b248\" data-element_type=\"section\" data-e-type=\"section\" data-settings=\"{&quot;stretch_section&quot;:&quot;section-stretched&quot;,&quot;background_background&quot;:&quot;classic&quot;,&quot;background_motion_fx_motion_fx_scrolling&quot;:&quot;yes&quot;,&quot;background_motion_fx_scale_effect&quot;:&quot;yes&quot;,&quot;background_motion_fx_scale_speed&quot;:{&quot;unit&quot;:&quot;px&quot;,&quot;size&quot;:1,&quot;sizes&quot;:[]},&quot;background_motion_fx_scale_range&quot;:{&quot;unit&quot;:&quot;%&quot;,&quot;size&quot;:&quot;&quot;,&quot;sizes&quot;:{&quot;start&quot;:0,&quot;end&quot;:100}},&quot;motion_fx_motion_fx_scrolling&quot;:&quot;yes&quot;,&quot;background_motion_fx_scale_direction&quot;:&quot;out-in&quot;,&quot;background_motion_fx_devices&quot;:[&quot;desktop&quot;,&quot;tablet&quot;,&quot;mobile&quot;],&quot;motion_fx_devices&quot;:[&quot;desktop&quot;,&quot;tablet&quot;,&quot;mobile&quot;]}\">\n\t\t\t\t\t\t\t<div class=\"elementor-background-overlay\"><\/div>\n\t\t\t\t\t\t\t<div class=\"elementor-container elementor-column-gap-default\">\n\t\t\t\t\t<div class=\"elementor-column elementor-col-100 elementor-top-column elementor-element elementor-element-dc1bcbe\" data-id=\"dc1bcbe\" data-element_type=\"column\" data-e-type=\"column\">\n\t\t\t<div class=\"elementor-widget-wrap elementor-element-populated\">\n\t\t\t\t\t\t<div class=\"elementor-element elementor-element-55563c0 elementor-widget elementor-widget-heading\" data-id=\"55563c0\" data-element_type=\"widget\" data-e-type=\"widget\" data-widget_type=\"heading.default\">\n\t\t\t\t<div class=\"elementor-widget-container\">\n\t\t\t\t\t<div class=\"elementor-heading-title elementor-size-default\">DEER wird im Rahmen der \"Edge Datenwirtschaft\" vom Bundesministerium f\u00fcr Forschung, Technologie und Raumfahrt (BMFTR) gef\u00f6rdert. <br>Projekttr\u00e4ger ist das Deutsche Zentrum f\u00fcr Luft- und Raumfahrt (DLR).<\/div>\t\t\t\t<\/div>\n\t\t\t\t<\/div>\n\t\t\t\t\t<\/div>\n\t\t<\/div>\n\t\t\t\t\t<\/div>\n\t\t<\/section>\n\t\t\t\t<section class=\"elementor-section elementor-top-section elementor-element elementor-element-31da41a elementor-section-boxed elementor-section-height-default elementor-section-height-default\" data-id=\"31da41a\" data-element_type=\"section\" data-e-type=\"section\">\n\t\t\t\t\t\t<div class=\"elementor-container elementor-column-gap-default\">\n\t\t\t\t\t<div class=\"elementor-column elementor-col-25 elementor-top-column elementor-element elementor-element-bcabee5\" data-id=\"bcabee5\" data-element_type=\"column\" data-e-type=\"column\">\n\t\t\t<div class=\"elementor-widget-wrap elementor-element-populated\">\n\t\t\t\t\t\t<div class=\"elementor-element elementor-element-7c287fe elementor-widget__width-initial elementor-widget elementor-widget-image\" data-id=\"7c287fe\" data-element_type=\"widget\" data-e-type=\"widget\" data-widget_type=\"image.default\">\n\t\t\t\t<div class=\"elementor-widget-container\">\n\t\t\t\t\t\t\t\t\t\t\t\t\t\t\t<img loading=\"lazy\" decoding=\"async\" width=\"300\" height=\"200\" src=\"https:\/\/deer-projekt.de\/wp-content\/uploads\/2025\/11\/BMFTR_gefoerdert-durch-300x200.jpg\" class=\"attachment-medium size-medium wp-image-1053\" alt=\"\" srcset=\"https:\/\/deer-projekt.de\/wp-content\/uploads\/2025\/11\/BMFTR_gefoerdert-durch-300x200.jpg 300w, https:\/\/deer-projekt.de\/wp-content\/uploads\/2025\/11\/BMFTR_gefoerdert-durch-768x512.jpg 768w, https:\/\/deer-projekt.de\/wp-content\/uploads\/2025\/11\/BMFTR_gefoerdert-durch.jpg 850w\" sizes=\"(max-width: 300px) 100vw, 300px\" \/>\t\t\t\t\t\t\t\t\t\t\t\t\t\t\t<\/div>\n\t\t\t\t<\/div>\n\t\t\t\t\t<\/div>\n\t\t<\/div>\n\t\t\t\t<div class=\"elementor-column elementor-col-50 elementor-top-column elementor-element elementor-element-45dc250\" data-id=\"45dc250\" data-element_type=\"column\" data-e-type=\"column\">\n\t\t\t<div class=\"elementor-widget-wrap elementor-element-populated\">\n\t\t\t\t\t\t<div class=\"elementor-element elementor-element-37eac01 elementor-widget elementor-widget-image\" data-id=\"37eac01\" data-element_type=\"widget\" data-e-type=\"widget\" data-widget_type=\"image.default\">\n\t\t\t\t<div class=\"elementor-widget-container\">\n\t\t\t\t\t\t\t\t\t\t\t\t\t\t\t<img loading=\"lazy\" decoding=\"async\" width=\"300\" height=\"126\" src=\"https:\/\/deer-projekt.de\/wp-content\/uploads\/2024\/01\/EDGE_Logo_black_RGB-300x126.png\" class=\"attachment-medium size-medium wp-image-892\" alt=\"\" srcset=\"https:\/\/deer-projekt.de\/wp-content\/uploads\/2024\/01\/EDGE_Logo_black_RGB-300x126.png 300w, https:\/\/deer-projekt.de\/wp-content\/uploads\/2024\/01\/EDGE_Logo_black_RGB-1024x429.png 1024w, https:\/\/deer-projekt.de\/wp-content\/uploads\/2024\/01\/EDGE_Logo_black_RGB-768x322.png 768w, https:\/\/deer-projekt.de\/wp-content\/uploads\/2024\/01\/EDGE_Logo_black_RGB-1536x644.png 1536w, https:\/\/deer-projekt.de\/wp-content\/uploads\/2024\/01\/EDGE_Logo_black_RGB-2048x859.png 2048w\" sizes=\"(max-width: 300px) 100vw, 300px\" \/>\t\t\t\t\t\t\t\t\t\t\t\t\t\t\t<\/div>\n\t\t\t\t<\/div>\n\t\t\t\t\t<\/div>\n\t\t<\/div>\n\t\t\t\t<div class=\"elementor-column elementor-col-25 elementor-top-column elementor-element elementor-element-0ffe16f\" data-id=\"0ffe16f\" data-element_type=\"column\" data-e-type=\"column\">\n\t\t\t<div class=\"elementor-widget-wrap elementor-element-populated\">\n\t\t\t\t\t\t<div class=\"elementor-element elementor-element-940abf5 elementor-widget__width-initial elementor-widget elementor-widget-image\" data-id=\"940abf5\" data-element_type=\"widget\" data-e-type=\"widget\" data-widget_type=\"image.default\">\n\t\t\t\t<div class=\"elementor-widget-container\">\n\t\t\t\t\t\t\t\t\t\t\t\t\t\t\t<img loading=\"lazy\" decoding=\"async\" width=\"300\" height=\"105\" src=\"https:\/\/deer-projekt.de\/wp-content\/uploads\/2023\/06\/PT_DLR_Logo-300x105.jpg\" class=\"attachment-medium size-medium wp-image-801\" alt=\"\" srcset=\"https:\/\/deer-projekt.de\/wp-content\/uploads\/2023\/06\/PT_DLR_Logo-300x105.jpg 300w, https:\/\/deer-projekt.de\/wp-content\/uploads\/2023\/06\/PT_DLR_Logo-1024x359.jpg 1024w, https:\/\/deer-projekt.de\/wp-content\/uploads\/2023\/06\/PT_DLR_Logo-768x270.jpg 768w, https:\/\/deer-projekt.de\/wp-content\/uploads\/2023\/06\/PT_DLR_Logo.jpg 1111w\" sizes=\"(max-width: 300px) 100vw, 300px\" \/>\t\t\t\t\t\t\t\t\t\t\t\t\t\t\t<\/div>\n\t\t\t\t<\/div>\n\t\t\t\t\t<\/div>\n\t\t<\/div>\n\t\t\t\t\t<\/div>\n\t\t<\/section>\n\t\t\t\t<\/div>\n\t\t","protected":false},"excerpt":{"rendered":"<p>Das DEER Konsortium Der Projekterfolg von DEER erfordert die Zusammenarbeit von unterschiedlichen Bereichen. So ist zum einen die Expertise aus dem Energiemarkt und insbesondere zu den Themen Redispatch, Anschluss flexibler Kleinstanlagen und Netzbetrieb erforderlich. Zum anderen ben\u00f6tigt das Projekt Expert*innenwissen zu Blockchain, Identit\u00e4tsmanagement und dezentraler Optimierung. Daher ist das Konsortium interdisziplin\u00e4r aufgebaut und setzt sich &hellip;<\/p>\n<p class=\"read-more\"> <a class=\"\" href=\"https:\/\/deer-projekt.de\/?page_id=61\"> <span class=\"screen-reader-text\">Konsortium<\/span> Weiterlesen &raquo;<\/a><\/p>\n","protected":false},"author":4,"featured_media":0,"parent":0,"menu_order":0,"comment_status":"closed","ping_status":"closed","template":"","meta":{"_acf_changed":false,"site-sidebar-layout":"default","site-content-layout":"default","ast-global-header-display":"","ast-banner-title-visibility":"","ast-main-header-display":"","ast-hfb-above-header-display":"","ast-hfb-below-header-display":"","ast-hfb-mobile-header-display":"","site-post-title":"","ast-breadcrumbs-content":"","ast-featured-img":"","footer-sml-layout":"","theme-transparent-header-meta":"","adv-header-id-meta":"","stick-header-meta":"","header-above-stick-meta":"","header-main-stick-meta":"","header-below-stick-meta":"","_themeisle_gutenberg_block_has_review":false,"footnotes":""},"coauthors":[3],"class_list":["post-61","page","type-page","status-publish","hentry"],"acf":[],"_links":{"self":[{"href":"https:\/\/deer-projekt.de\/index.php?rest_route=\/wp\/v2\/pages\/61","targetHints":{"allow":["GET"]}}],"collection":[{"href":"https:\/\/deer-projekt.de\/index.php?rest_route=\/wp\/v2\/pages"}],"about":[{"href":"https:\/\/deer-projekt.de\/index.php?rest_route=\/wp\/v2\/types\/page"}],"author":[{"embeddable":true,"href":"https:\/\/deer-projekt.de\/index.php?rest_route=\/wp\/v2\/users\/4"}],"replies":[{"embeddable":true,"href":"https:\/\/deer-projekt.de\/index.php?rest_route=%2Fwp%2Fv2%2Fcomments&post=61"}],"version-history":[{"count":82,"href":"https:\/\/deer-projekt.de\/index.php?rest_route=\/wp\/v2\/pages\/61\/revisions"}],"predecessor-version":[{"id":1066,"href":"https:\/\/deer-projekt.de\/index.php?rest_route=\/wp\/v2\/pages\/61\/revisions\/1066"}],"wp:attachment":[{"href":"https:\/\/deer-projekt.de\/index.php?rest_route=%2Fwp%2Fv2%2Fmedia&parent=61"}],"wp:term":[{"taxonomy":"author","embeddable":true,"href":"https:\/\/deer-projekt.de\/index.php?rest_route=%2Fwp%2Fv2%2Fcoauthors&post=61"}],"curies":[{"name":"wp","href":"https:\/\/api.w.org\/{rel}","templated":true}]}}